{"id":7349,"date":"2022-02-27T11:27:12","date_gmt":"2022-02-27T17:27:12","guid":{"rendered":"https:\/\/www.texpets.com\/?page_id=7349"},"modified":"2023-03-22T09:18:13","modified_gmt":"2023-03-22T14:18:13","slug":"services","status":"publish","type":"page","link":"https:\/\/www.texpets.com\/es\/services\/","title":{"rendered":"Nuestros servicios"},"content":{"rendered":"<p class=\"has-medium-font-size\">Your pets are unique, and so should be their portraits. Our sessions are customized to them and to you, to capture their personality and quirks.<\/p>\n\n\n\n<p class=\"has-medium-font-size\">We work on-location, which means that we come to you. With dogs we can also shoot at nearby parks or other locations if you prefer. If you have a favorite place, let us know during the consultation, and we can gladly suggest some as well.<\/p>\n\n\n\n<h2 class=\"wp-block-heading\">On-Location Pet Photo Session &#8211; $300<\/h2>\n\n\n\n<p class=\"has-medium-font-size\">Each session is customized to you and your furry friends. Once you book us, we will contact you to schedule a consultation call&nbsp;to go over the details and to talk about your pets, their personalities and traits, and specific images you may have in mind. Your pets are unique, and so should be their portraits.<\/p>\n\n\n\n<p class=\"has-medium-font-size\">Nuestra tarifa incluye:<\/p>\n\n\n\n<ul class=\"wp-block-list\">\n<li>Una reuni\u00f3n telef\u00f3nica para conocer a tus mascotas y discutir la sesi\u00f3n fotogr\u00e1fica.<\/li>\n\n\n\n<li>A 90-minute professional photoshoot of your pets, at your home or a location of your choosing. Up to two pets are included.<\/li>\n\n\n\n<li>High-resolution digital images and share-ready images for your social media.<\/li>\n\n\n\n<li>Nuestros vi\u00e1ticos dentro de las 25 millas (40 km) del c\u00f3digo postal 75032. Tarifa adicional para distancias m\u00e1s lejanas.<\/li>\n\n\n\n<li>Nuestra experiencia en la selecci\u00f3n y edici\u00f3n profesional de 25-30 im\u00e1genes. Estas se proveer\u00e1n en una galer\u00eda privada.<\/li>\n<\/ul>\n\n\n\n<p class=\"has-small-font-size\"><em>Other pets from the same household are $50 each, which includes additional image.<\/em><\/p>\n\n\n\n<div class=\"wp-block-group roundedDiv has-background\" style=\"background-color:#e3eff6\"><div class=\"wp-block-group__inner-container is-layout-flow wp-block-group-is-layout-flow\">\n<h2 class=\"wp-block-heading\">\u00edNos encantan los animales de refugio!<\/h2>\n\n\n\n<p class=\"has-medium-font-size\">Shelters and their volunteers do amazing work finding loving homes for dogs and cats. If you recently adopted a rescue or shelter pet, we want to gift you with a <strong>10% de descuento<\/strong> on your next portrait session to celebrate your new furry family member.<\/p>\n\n\n\n<p class=\"has-small-font-size\">Oferta v\u00e1lida para animales adoptados durante los \u00faltimos seis (6) meses de un refugio de animales reconocido. Debes proporcionarnos una copia de los papeles de adopci\u00f3n. El animal adoptado debe incluirse dentro de la sesi\u00f3n fotogr\u00e1fica. Este descuento no puede combinarse con ninguna otra oferta, descuento, o cup\u00f3n.<\/p>\n<\/div><\/div>\n\n\n\n<p><\/p>\n\n\n\n<p style=\"font-size:10px\"><\/p>\n\n\n\n<p class=\"has-medium-font-size\">\u00bfListo para contratarnos? <a href=\"https:\/\/www.texpets.com\/es\/contact\/\">Cont\u00e1ctanos<\/a> to get things rolling!<\/p>\n\n\n\n<p class=\"has-medium-font-size\"><em>Ofrecemos servicio prioritario para animales seniles o enfermos.<\/em> Tienes preguntas? Visita nuestras <a href=\"https:\/\/www.texpets.com\/es\/faq\/\">preguntas frequentes<\/a>.<\/p>","protected":false},"excerpt":{"rendered":"<p>Your pets are unique, and so should be their portraits. Our sessions are customized to them and to you, to capture their personality and quirks. We work on-location, which means that we come to you. With dogs we can also shoot at nearby parks or other locations if you prefer. If you have a favorite [&hellip;]<\/p>","protected":false},"author":3,"featured_media":0,"parent":0,"menu_order":0,"comment_status":"closed","ping_status":"closed","template":"","meta":{"ngg_post_thumbnail":0,"footnotes":""},"class_list":["post-7349","page","type-page","status-publish","hentry","entry"],"yoast_head":"<!-- This site is optimized with the Yoast SEO plugin v24.6 - https:\/\/yoast.com\/wordpress\/plugins\/seo\/ -->\n<title>Our Services - TexPets Photography<\/title>\n<meta name=\"description\" content=\"We keep things simple, as they should be. A straightforward pet portrait session designed to capture your pet&#039;s uniqueness.\" \/>\n<meta name=\"robots\" content=\"index, follow, max-snippet:-1, max-image-preview:large, max-video-preview:-1\" \/>\n<link rel=\"canonical\" href=\"https:\/\/www.texpets.com\/es\/services\/\" \/>\n<meta property=\"og:locale\" content=\"es_ES\" \/>\n<meta property=\"og:type\" content=\"article\" \/>\n<meta property=\"og:title\" content=\"Our Services - TexPets Photography\" \/>\n<meta property=\"og:description\" content=\"We keep things simple, as they should be. A straightforward pet portrait session designed to capture your pet&#039;s uniqueness.\" \/>\n<meta property=\"og:url\" content=\"https:\/\/www.texpets.com\/es\/services\/\" \/>\n<meta property=\"og:site_name\" content=\"TexPets Photography\" \/>\n<meta property=\"article:publisher\" content=\"https:\/\/www.facebook.com\/texpetsphoto\" \/>\n<meta property=\"article:modified_time\" content=\"2023-03-22T14:18:13+00:00\" \/>\n<meta property=\"og:image\" content=\"https:\/\/www.texpets.com\/wp-content\/uploads\/TexPets-Icon.png\" \/>\n\t<meta property=\"og:image:width\" content=\"322\" \/>\n\t<meta property=\"og:image:height\" content=\"322\" \/>\n\t<meta property=\"og:image:type\" content=\"image\/png\" \/>\n<meta name=\"twitter:label1\" content=\"Tiempo de lectura\" \/>\n\t<meta name=\"twitter:data1\" content=\"2 minutos\" \/>\n<script type=\"application\/ld+json\" class=\"yoast-schema-graph\">{\"@context\":\"https:\/\/schema.org\",\"@graph\":[{\"@type\":\"WebPage\",\"@id\":\"https:\/\/www.texpets.com\/services\/\",\"url\":\"https:\/\/www.texpets.com\/services\/\",\"name\":\"Our Services - TexPets Photography\",\"isPartOf\":{\"@id\":\"https:\/\/www.texpets.com\/#website\"},\"datePublished\":\"2022-02-27T17:27:12+00:00\",\"dateModified\":\"2023-03-22T14:18:13+00:00\",\"description\":\"We keep things simple, as they should be. A straightforward pet portrait session designed to capture your pet's uniqueness.\",\"breadcrumb\":{\"@id\":\"https:\/\/www.texpets.com\/services\/#breadcrumb\"},\"inLanguage\":\"es\",\"potentialAction\":[{\"@type\":\"ReadAction\",\"target\":[\"https:\/\/www.texpets.com\/services\/\"]}]},{\"@type\":\"BreadcrumbList\",\"@id\":\"https:\/\/www.texpets.com\/services\/#breadcrumb\",\"itemListElement\":[{\"@type\":\"ListItem\",\"position\":1,\"name\":\"Home\",\"item\":\"https:\/\/www.texpets.com\/\"},{\"@type\":\"ListItem\",\"position\":2,\"name\":\"Our Services\"}]},{\"@type\":\"WebSite\",\"@id\":\"https:\/\/www.texpets.com\/#website\",\"url\":\"https:\/\/www.texpets.com\/\",\"name\":\"TexPets Photography\",\"description\":\"Because they&#039;re worth it\",\"publisher\":{\"@id\":\"https:\/\/www.texpets.com\/#organization\"},\"potentialAction\":[{\"@type\":\"SearchAction\",\"target\":{\"@type\":\"EntryPoint\",\"urlTemplate\":\"https:\/\/www.texpets.com\/?s={search_term_string}\"},\"query-input\":{\"@type\":\"PropertyValueSpecification\",\"valueRequired\":true,\"valueName\":\"search_term_string\"}}],\"inLanguage\":\"es\"},{\"@type\":\"Organization\",\"@id\":\"https:\/\/www.texpets.com\/#organization\",\"name\":\"TexPets Photography\",\"url\":\"https:\/\/www.texpets.com\/\",\"logo\":{\"@type\":\"ImageObject\",\"inLanguage\":\"es\",\"@id\":\"https:\/\/www.texpets.com\/#\/schema\/logo\/image\/\",\"url\":\"https:\/\/www.texpets.com\/wp-content\/uploads\/TexPets-Logo.png\",\"contentUrl\":\"https:\/\/www.texpets.com\/wp-content\/uploads\/TexPets-Logo.png\",\"width\":345,\"height\":55,\"caption\":\"TexPets Photography\"},\"image\":{\"@id\":\"https:\/\/www.texpets.com\/#\/schema\/logo\/image\/\"},\"sameAs\":[\"https:\/\/www.facebook.com\/texpetsphoto\",\"https:\/\/instagram.com\/texpetsphoto\/\"]}]}<\/script>\n<!-- \/ Yoast SEO plugin. -->","yoast_head_json":{"title":"Our Services - TexPets Photography","description":"We keep things simple, as they should be. A straightforward pet portrait session designed to capture your pet's uniqueness.","robots":{"index":"index","follow":"follow","max-snippet":"max-snippet:-1","max-image-preview":"max-image-preview:large","max-video-preview":"max-video-preview:-1"},"canonical":"https:\/\/www.texpets.com\/es\/services\/","og_locale":"es_ES","og_type":"article","og_title":"Our Services - TexPets Photography","og_description":"We keep things simple, as they should be. A straightforward pet portrait session designed to capture your pet's uniqueness.","og_url":"https:\/\/www.texpets.com\/es\/services\/","og_site_name":"TexPets Photography","article_publisher":"https:\/\/www.facebook.com\/texpetsphoto","article_modified_time":"2023-03-22T14:18:13+00:00","og_image":[{"width":322,"height":322,"url":"https:\/\/www.texpets.com\/wp-content\/uploads\/TexPets-Icon.png","type":"image\/png"}],"twitter_misc":{"Tiempo de lectura":"2 minutos"},"schema":{"@context":"https:\/\/schema.org","@graph":[{"@type":"WebPage","@id":"https:\/\/www.texpets.com\/services\/","url":"https:\/\/www.texpets.com\/services\/","name":"Our Services - TexPets Photography","isPartOf":{"@id":"https:\/\/www.texpets.com\/#website"},"datePublished":"2022-02-27T17:27:12+00:00","dateModified":"2023-03-22T14:18:13+00:00","description":"We keep things simple, as they should be. A straightforward pet portrait session designed to capture your pet's uniqueness.","breadcrumb":{"@id":"https:\/\/www.texpets.com\/services\/#breadcrumb"},"inLanguage":"es","potentialAction":[{"@type":"ReadAction","target":["https:\/\/www.texpets.com\/services\/"]}]},{"@type":"BreadcrumbList","@id":"https:\/\/www.texpets.com\/services\/#breadcrumb","itemListElement":[{"@type":"ListItem","position":1,"name":"Home","item":"https:\/\/www.texpets.com\/"},{"@type":"ListItem","position":2,"name":"Our Services"}]},{"@type":"WebSite","@id":"https:\/\/www.texpets.com\/#website","url":"https:\/\/www.texpets.com\/","name":"TexPets Photography","description":"Because they&#039;re worth it","publisher":{"@id":"https:\/\/www.texpets.com\/#organization"},"potentialAction":[{"@type":"SearchAction","target":{"@type":"EntryPoint","urlTemplate":"https:\/\/www.texpets.com\/?s={search_term_string}"},"query-input":{"@type":"PropertyValueSpecification","valueRequired":true,"valueName":"search_term_string"}}],"inLanguage":"es"},{"@type":"Organization","@id":"https:\/\/www.texpets.com\/#organization","name":"TexPets Photography","url":"https:\/\/www.texpets.com\/","logo":{"@type":"ImageObject","inLanguage":"es","@id":"https:\/\/www.texpets.com\/#\/schema\/logo\/image\/","url":"https:\/\/www.texpets.com\/wp-content\/uploads\/TexPets-Logo.png","contentUrl":"https:\/\/www.texpets.com\/wp-content\/uploads\/TexPets-Logo.png","width":345,"height":55,"caption":"TexPets Photography"},"image":{"@id":"https:\/\/www.texpets.com\/#\/schema\/logo\/image\/"},"sameAs":["https:\/\/www.facebook.com\/texpetsphoto","https:\/\/instagram.com\/texpetsphoto\/"]}]}},"_links":{"self":[{"href":"https:\/\/www.texpets.com\/es\/wp-json\/wp\/v2\/pages\/7349","targetHints":{"allow":["GET"]}}],"collection":[{"href":"https:\/\/www.texpets.com\/es\/wp-json\/wp\/v2\/pages"}],"about":[{"href":"https:\/\/www.texpets.com\/es\/wp-json\/wp\/v2\/types\/page"}],"author":[{"embeddable":true,"href":"https:\/\/www.texpets.com\/es\/wp-json\/wp\/v2\/users\/3"}],"replies":[{"embeddable":true,"href":"https:\/\/www.texpets.com\/es\/wp-json\/wp\/v2\/comments?post=7349"}],"version-history":[{"count":20,"href":"https:\/\/www.texpets.com\/es\/wp-json\/wp\/v2\/pages\/7349\/revisions"}],"predecessor-version":[{"id":7570,"href":"https:\/\/www.texpets.com\/es\/wp-json\/wp\/v2\/pages\/7349\/revisions\/7570"}],"wp:attachment":[{"href":"https:\/\/www.texpets.com\/es\/wp-json\/wp\/v2\/media?parent=7349"}],"curies":[{"name":"wp","href":"https:\/\/api.w.org\/{rel}","templated":true}]}}